{"id":4,"date":"2016-02-19T11:25:45","date_gmt":"2016-02-19T11:25:45","guid":{"rendered":"http:\/\/unidadaudiovisual.zeus.umh.es\/presentacion\/"},"modified":"2025-07-15T13:13:23","modified_gmt":"2025-07-15T11:13:23","slug":"presentacion","status":"publish","type":"page","link":"https:\/\/unidadaudiovisual.umh.es\/ca\/presentacion\/","title":{"rendered":"Presentaci\u00f3n"},"content":{"rendered":"<p>P\u00e1gina de presentaci\u00f3n de la unidad organizativa<\/p>","protected":false},"excerpt":{"rendered":"<p>P\u00e1gina de presentaci\u00f3n de la unidad organizativa<\/p>\n","protected":false},"author":1,"featured_media":0,"parent":0,"menu_order":0,"comment_status":"closed","ping_status":"open","template":"","meta":{"ngg_post_thumbnail":0,"_links_to":"","_links_to_target":""},"_links":{"self":[{"href":"https:\/\/unidadaudiovisual.umh.es\/ca\/wp-json\/wp\/v2\/pages\/4"}],"collection":[{"href":"https:\/\/unidadaudiovisual.umh.es\/ca\/wp-json\/wp\/v2\/pages"}],"about":[{"href":"https:\/\/unidadaudiovisual.umh.es\/ca\/wp-json\/wp\/v2\/types\/page"}],"author":[{"embeddable":true,"href":"https:\/\/unidadaudiovisual.umh.es\/ca\/wp-json\/wp\/v2\/users\/1"}],"replies":[{"embeddable":true,"href":"https:\/\/unidadaudiovisual.umh.es\/ca\/wp-json\/wp\/v2\/comments?post=4"}],"version-history":[{"count":0,"href":"https:\/\/unidadaudiovisual.umh.es\/ca\/wp-json\/wp\/v2\/pages\/4\/revisions"}],"wp:attachment":[{"href":"https:\/\/unidadaudiovisual.umh.es\/ca\/wp-json\/wp\/v2\/media?parent=4"}],"curies":[{"name":"wp","href":"https:\/\/api.w.org\/{rel}","templated":true}]}}